{"id":11,"date":"2024-09-30T21:45:45","date_gmt":"2024-09-30T19:45:45","guid":{"rendered":"http:\/\/test.pewnepolisy.pl\/?page_id=11"},"modified":"2024-09-30T21:45:45","modified_gmt":"2024-09-30T19:45:45","slug":"booking","status":"publish","type":"page","link":"https:\/\/test.pewnepolisy.pl\/?page_id=11","title":{"rendered":"Booking"},"content":{"rendered":"    <div id=\"sln-salon\" class=\"sln-bootstrap container-fluid sln-salon--m\">\n        <div id=\"sln-salon__content\" class=\"sln-bootstrap container-fluid sln-salon--m__content\">\n                            \r\n<div id=\"sln-salon-booking\" class=\"sln-shortcode sln-salon--m sln-step-services\">\r\n    <div id=\"sln-salon-booking__content\" class=\"sln-salon--m__content sln-salon__content-step-services\">\r\n        <div class=\"sln-topbar\"><h6>Already a customer? <a href=\"https:\/\/test.pewnepolisy.pl\/?page_id=13;\">Log-in<\/a><\/h6><\/div>\t<h2 class=\"sln-salon-title\">Zarezerwuj wizyt\u0119<\/h2>\r\n\t<script>mixpanel.track('Front-end booking form', {\"step\":\"services\",\"version\":\"free\",\"layout\":\"medium\",\"enviroment\":\"live\"});<\/script>\t<h2 class=\"salon-step-title\">Napisz czego potrzebujesz?<\/h2>\r\n\t<div class=\"sln-progbar__wrapper\">\n        <div class=\"sln-progbar__text\">\n        Krok <span>1\/5<\/span> <span><\/span> <span><\/span> <span><\/span> <span><\/span>    <\/div>\n    <div class=\"sln-progbar\">\n        <div class=\"sln-progbar__item  sln-progbar__item--thankyou\" data-zindex=\"1\"><span class=\"sr-only\">thankyou<\/span><\/div><div class=\"sln-progbar__item  sln-progbar__item--summary\" data-zindex=\"2\"><span class=\"sr-only\">summary<\/span><\/div><div class=\"sln-progbar__item  sln-progbar__item--details\" data-zindex=\"3\"><span class=\"sr-only\">details<\/span><\/div><div class=\"sln-progbar__item  sln-progbar__item--date\" data-zindex=\"4\"><span class=\"sr-only\">date<\/span><\/div><div class=\"sln-progbar__item sln-progbar__item--current sln-progbar__item--services\" data-zindex=\"5\"><span class=\"sr-only\">services<\/span><\/div>    <\/div>\n<\/div>        \t<form id=\"salon-step-services\" method=\"post\" action=\"https:\/\/test.pewnepolisy.pl\/index.php?rest_route=wpv2pages11&sln_step_page=services\" role=\"form\">\r\n\t\t\t\t<div class=\"row sln-box--main  sln-box--fixed_height\">\r\n\t\t\t<div class=\"col-xs-12\">        <input type=\"hidden\" name=\"sln[date]\"\n               id=\"sln_date\"\n               value=\"2026-04-20\"  class=\"sln-input sln-input--text\"\/>\n            <input type=\"hidden\" name=\"sln[time]\"\n               id=\"sln_time\"\n               value=\"14:00\"  class=\"sln-input sln-input--text\"\/>\n    <div class=\"sln-service-list sln-list  sln-list--600 clearfix\"> \r\n                    <label for=\"sln_services_9\" class=\"sln-list__item sln-service sln-service--9\">\n    \n                 <div class=\"sln-list__item__content\">\n        <h3 class=\"sln-steps-name sln-service-name sln-list__item__name\">Strzy\u017cenie M\u0119skie<\/h3>\n                <p class=\"sln-service-description sln-list__item__description \">\n            Kr\u00f3lewskie strzy\u017cenie        <\/p>\n        <div class=\"sln-service__info sln-list__item__info\">\n                               <h3 class=\"sln-steps-price sln-service-price sln-list__item__price\">\n                                        <span class=\"sln-service-price-value sln-list__item__proce__value\">80 z\u0142<\/span>\n                    <!-- .sln-service-price \/\/ END -->\n                <\/h3>\n                                           <h3><span class=\"sln-steps-duration sln-service-duration sln-list__item__duration\">\n                        00:30                    <\/span><\/h3>\n                        <\/div>\n    <\/div>\n        \n<div class=\"sln-service__action sln-list__item__action\">\n    <div class=\"sln-checkbox \">\n                <input type=\"checkbox\" name=\"sln[services][9]\" id=\"sln_services_9\"\n               value=\"1\"    data-price=\"80\" data-duration=\"30\"\/>\n            <label for=\"sln_services_9\"><\/label>\n    <\/div>\n        \n<\/div>\n<span class=\"sln-service__errors sln-list__item__errors errors-area\" data-class=\"sln-alert sln-alert-medium sln-alert--problem\"><\/span>\n    <div class=\"sln-alert sln-alert-medium sln-alert--problem\" style=\"display: none\" id=\"availabilityerror\">Za ma\u0142o czasu dla wykonania tej us\u0142ugi<\/div>\n    <div class=\"sln-list__item__fkbkg\"><\/div>\n<\/label>\n<label for=\"sln_services_10\" class=\"sln-list__item sln-service sln-service--10\">\n    \n                 <div class=\"sln-list__item__content\">\n        <h3 class=\"sln-steps-name sln-service-name sln-list__item__name\">Strzy\u017cenie + Golenie<\/h3>\n                <p class=\"sln-service-description sln-list__item__description \">\n            Strzy\u017cenie wraz z goleniem i piel\u0119gnacj\u0105        <\/p>\n        <div class=\"sln-service__info sln-list__item__info\">\n                               <h3 class=\"sln-steps-price sln-service-price sln-list__item__price\">\n                                        <span class=\"sln-service-price-value sln-list__item__proce__value\">100 z\u0142<\/span>\n                    <!-- .sln-service-price \/\/ END -->\n                <\/h3>\n                                           <h3><span class=\"sln-steps-duration sln-service-duration sln-list__item__duration\">\n                        00:30                    <\/span><\/h3>\n                        <\/div>\n    <\/div>\n        \n<div class=\"sln-service__action sln-list__item__action\">\n    <div class=\"sln-checkbox \">\n                <input type=\"checkbox\" name=\"sln[services][10]\" id=\"sln_services_10\"\n               value=\"1\"    data-price=\"100\" data-duration=\"30\"\/>\n            <label for=\"sln_services_10\"><\/label>\n    <\/div>\n        \n<\/div>\n<span class=\"sln-service__errors sln-list__item__errors errors-area\" data-class=\"sln-alert sln-alert-medium sln-alert--problem\"><\/span>\n    <div class=\"sln-alert sln-alert-medium sln-alert--problem\" style=\"display: none\" id=\"availabilityerror\">Za ma\u0142o czasu dla wykonania tej us\u0142ugi<\/div>\n    <div class=\"sln-list__item__fkbkg\"><\/div>\n<\/label>\n<label for=\"sln_services_8\" class=\"sln-list__item sln-service sln-service--8\">\n    \n                 <div class=\"sln-list__item__content\">\n        <h3 class=\"sln-steps-name sln-service-name sln-list__item__name\">Golenie<\/h3>\n                <p class=\"sln-service-description sln-list__item__description sln-list__item__description__toggle\">\n            Kr\u00f3lewskie golenie zarostu \r <span class=\"sln-list__item__description__breakdots\">...<\/span> <span class=\"sln-list__item__description__more\">\n<\/span>        <\/p>\n        <div class=\"sln-service__info sln-list__item__info\">\n                               <h3 class=\"sln-steps-price sln-service-price sln-list__item__price\">\n                                        <span class=\"sln-service-price-value sln-list__item__proce__value\">50 z\u0142<\/span>\n                    <!-- .sln-service-price \/\/ END -->\n                <\/h3>\n                                           <h3><span class=\"sln-steps-duration sln-service-duration sln-list__item__duration\">\n                        00:30                    <\/span><\/h3>\n                        <\/div>\n    <\/div>\n        \n<div class=\"sln-service__action sln-list__item__action\">\n    <div class=\"sln-checkbox \">\n                <input type=\"checkbox\" name=\"sln[services][8]\" id=\"sln_services_8\"\n               value=\"1\"    data-price=\"50\" data-duration=\"30\"\/>\n            <label for=\"sln_services_8\"><\/label>\n    <\/div>\n        \n<\/div>\n<span class=\"sln-service__errors sln-list__item__errors errors-area\" data-class=\"sln-alert sln-alert-medium sln-alert--problem\"><\/span>\n    <div class=\"sln-alert sln-alert-medium sln-alert--problem\" style=\"display: none\" id=\"availabilityerror\">Za ma\u0142o czasu dla wykonania tej us\u0142ugi<\/div>\n    <div class=\"sln-list__item__fkbkg\"><\/div>\n<\/label>\n                <!-- .sln-service-list \/\/ END -->\r\n<\/div>\r\n\r\n<\/div>\r\n\t\t<\/div>\r\n\t\t<div id=\"sln-box__bottombar\" class=\"row sln-box__bottombar sln-box__bottombar--services\">\r\n    <!-- <div class=\"sln-box__bottombar__fkbg\"><\/div> -->\r\n    <div class=\"sln-box__bottombar__fkbg--customcolors\"><\/div>\r\n    <div class=\"col-xs-12\">\r\n\r\n\r\n                    <div class=\"sln-total\">\r\n                                    <h3 class=\"sln-total-label\">\r\n                        Razem                    <\/h3>\r\n                    <h3 class=\"sln-total-price\" id=\"services-total\"\r\n                        data-symbol-left=\"\"\r\n                        data-symbol-right=\"z\u0142\"\r\n                        data-symbol-decimal=\".\"\r\n                        data-symbol-thousand=\",\">\r\n                        0.00 z\u0142                    <\/h3>\r\n                            <\/div>\r\n        \r\n                            <div class=\"sln-box--formactions sln-box--formactions--services form-actions\">\r\n                <div class=\"sln-btn sln-btn--emphasis sln-btn--medium sln-btn--fullwidth sln-btn--nextstep\">\r\n                            <button\r\n                            data-salon-data=\"sln_step_page=services&submit_services=next\" data-salon-toggle=\"next\"\r\n                        id=\"sln-step-submit\" type=\"submit\" name=\"submit_services\" value=\"next\">\r\n            Dalej <i class=\"glyphicon glyphicon-chevron-right\"><\/i>\r\n        <\/button>\r\n                        <\/div>\r\n                                       <div class=\"sln-btn--prevstep\"><\/div>\r\n                            <\/div>\r\n            <\/div>\r\n<\/div> <!-- sln-box--main closing tag if size == 900 else sln-box--formactions closing tag -->\r\n        <input type=\"hidden\" name=\"sln[customer_timezone]\" value=\"\">\r\n\t<\/form>\r\n\t        <div id=\"sln-notifications\" class=\"sln-notifications--fix--tr\"><\/div>\r\n        <div id=\"sln-salon__follower\"><\/div>\r\n    <\/div>\r\n    <!-- .sln-salon__wrapper \/\/ END -->\r\n<\/div>\r\n                    <\/div>\n    <\/div>\n\n\n","protected":false},"excerpt":{"rendered":"","protected":false},"author":1,"featured_media":0,"parent":0,"menu_order":0,"comment_status":"closed","ping_status":"closed","template":"","meta":{"footnotes":""},"class_list":["post-11","page","type-page","status-publish","hentry"],"_links":{"self":[{"href":"https:\/\/test.pewnepolisy.pl\/index.php?rest_route=\/wp\/v2\/pages\/11","targetHints":{"allow":["GET"]}}],"collection":[{"href":"https:\/\/test.pewnepolisy.pl\/index.php?rest_route=\/wp\/v2\/pages"}],"about":[{"href":"https:\/\/test.pewnepolisy.pl\/index.php?rest_route=\/wp\/v2\/types\/page"}],"author":[{"embeddable":true,"href":"https:\/\/test.pewnepolisy.pl\/index.php?rest_route=\/wp\/v2\/users\/1"}],"replies":[{"embeddable":true,"href":"https:\/\/test.pewnepolisy.pl\/index.php?rest_route=%2Fwp%2Fv2%2Fcomments&post=11"}],"version-history":[{"count":0,"href":"https:\/\/test.pewnepolisy.pl\/index.php?rest_route=\/wp\/v2\/pages\/11\/revisions"}],"wp:attachment":[{"href":"https:\/\/test.pewnepolisy.pl\/index.php?rest_route=%2Fwp%2Fv2%2Fmedia&parent=11"}],"curies":[{"name":"wp","href":"https:\/\/api.w.org\/{rel}","templated":true}]}}